{"id":891,"date":"2023-12-16T14:00:48","date_gmt":"2023-12-16T14:00:48","guid":{"rendered":"https:\/\/bodved.com\/?page_id=891"},"modified":"2023-12-16T14:02:07","modified_gmt":"2023-12-16T14:02:07","slug":"kvkk-bildirim","status":"publish","type":"page","link":"https:\/\/bodved.com\/?page_id=891","title":{"rendered":"KVKK Bildirim"},"content":{"rendered":"\t\t<div data-elementor-type=\"wp-page\" data-elementor-id=\"891\" class=\"elementor elementor-891\" data-elementor-post-type=\"page\">\n\t\t\t\t\t\t<section class=\"elementor-section elementor-top-section elementor-element elementor-element-fa5e163 elementor-section-boxed elementor-section-height-default elementor-section-height-default\" data-id=\"fa5e163\" data-element_type=\"section\" data-e-type=\"section\" data-settings=\"{&quot;ekit_has_onepagescroll_dot&quot;:&quot;yes&quot;}\">\n\t\t\t\t\t\t<div class=\"elementor-container elementor-column-gap-default\">\n\t\t\t\t\t<div class=\"elementor-column elementor-col-100 elementor-top-column elementor-element elementor-element-17832c2\" data-id=\"17832c2\" data-element_type=\"column\" data-e-type=\"column\" data-settings=\"{&quot;background_background&quot;:&quot;classic&quot;}\">\n\t\t\t<div class=\"elementor-widget-wrap elementor-element-populated\">\n\t\t\t\t\t\t<section class=\"elementor-section elementor-inner-section elementor-element elementor-element-ce19577 elementor-section-boxed elementor-section-height-default elementor-section-height-default\" data-id=\"ce19577\" data-element_type=\"section\" data-e-type=\"section\" data-settings=\"{&quot;ekit_has_onepagescroll_dot&quot;:&quot;yes&quot;}\">\n\t\t\t\t\t\t<div class=\"elementor-container elementor-column-gap-default\">\n\t\t\t\t\t<div class=\"elementor-column elementor-col-100 elementor-inner-column elementor-element elementor-element-7b9d7a0\" data-id=\"7b9d7a0\" data-element_type=\"column\" data-e-type=\"column\">\n\t\t\t<div class=\"elementor-widget-wrap elementor-element-populated\">\n\t\t\t\t\t\t<div class=\"elementor-element elementor-element-ac003d4 elementor-widget elementor-widget-heading\" data-id=\"ac003d4\" data-element_type=\"widget\" data-e-type=\"widget\" data-settings=\"{&quot;ekit_we_effect_on&quot;:&quot;none&quot;}\" data-widget_type=\"heading.default\">\n\t\t\t\t<div class=\"elementor-widget-container\">\n\t\t\t\t\t<h2 class=\"elementor-heading-title elementor-size-default\">BODVED \"Bodrum Veteran Masa Tenisi Kul\u00fcb\u00fc\" K\u0130\u015e\u0130SEL VER\u0130LER\u0130N KORUNMASI VE \u0130\u015eLENMES\u0130 POL\u0130T\u0130KASI<\/h2>\t\t\t\t<\/div>\n\t\t\t\t<\/div>\n\t\t\t\t\t<\/div>\n\t\t<\/div>\n\t\t\t\t\t<\/div>\n\t\t<\/section>\n\t\t\t\t\t<\/div>\n\t\t<\/div>\n\t\t\t\t\t<\/div>\n\t\t<\/section>\n\t\t\t\t<section class=\"elementor-section elementor-top-section elementor-element elementor-element-0b233bd elementor-section-boxed elementor-section-height-default elementor-section-height-default\" data-id=\"0b233bd\" data-element_type=\"section\" data-e-type=\"section\" data-settings=\"{&quot;ekit_has_onepagescroll_dot&quot;:&quot;yes&quot;}\">\n\t\t\t\t\t\t<div class=\"elementor-container elementor-column-gap-default\">\n\t\t\t\t\t<div class=\"elementor-column elementor-col-100 elementor-top-column elementor-element elementor-element-d062e54\" data-id=\"d062e54\" data-element_type=\"column\" data-e-type=\"column\">\n\t\t\t<div class=\"elementor-widget-wrap elementor-element-populated\">\n\t\t\t\t\t\t<div class=\"elementor-element elementor-element-6e2b0ba elementor-widget elementor-widget-text-editor\" data-id=\"6e2b0ba\" data-element_type=\"widget\" data-e-type=\"widget\" data-settings=\"{&quot;ekit_we_effect_on&quot;:&quot;none&quot;}\" data-widget_type=\"text-editor.default\">\n\t\t\t\t<div class=\"elementor-widget-container\">\n\t\t\t\t\t\t\t\t\t<p><strong>1. G\u0130R\u0130\u015e<\/strong><\/p><p>Bu Ki\u015fisel Verilerin Korunmas\u0131 ve \u0130\u015flenmesi Politikas\u0131, &#8220;Bodrum Veteran Masa Tenisi Kul\u00fcb\u00fc&#8221; (BODVED) taraf\u0131ndan ki\u015fisel verilere ili\u015fkin olarak uygulanan ilkeleri ve s\u00fcre\u00e7leri a\u00e7\u0131klar. Bu politika, BODVED taraf\u0131ndan toplanan, i\u015flenen ve saklanan ki\u015fisel verilerin korunmas\u0131 amac\u0131yla olu\u015fturulmu\u015ftur.<\/p><p><strong>2. TANIMLAR<\/strong><\/p><ul><li><p><strong>Ki\u015fisel Veri:<\/strong> Kimli\u011fi belirli veya belirlenebilir ger\u00e7ek ki\u015fiye ili\u015fkin her t\u00fcrl\u00fc bilgi.<\/p><\/li><li><p><strong>Veri Sorumlusu:<\/strong> Ki\u015fisel verilerin i\u015fleme ama\u00e7lar\u0131n\u0131 ve vas\u0131talar\u0131n\u0131 belirleyen, veri kay\u0131t sisteminin kurulmas\u0131ndan ve y\u00f6netilmesinden sorumlu olan ger\u00e7ek veya t\u00fczel ki\u015fi.<\/p><\/li><li><p><strong>Veri \u0130\u015fleyen:<\/strong> Veri sorumlusunun ad\u0131na ki\u015fisel verileri i\u015fleyen ger\u00e7ek veya t\u00fczel ki\u015fi.<\/p><\/li><li><p><strong>\u0130lgili Ki\u015fi:<\/strong> Ki\u015fisel verisi i\u015flenen ger\u00e7ek ki\u015fi.<\/p><\/li><\/ul><p><strong>3. K\u0130\u015e\u0130SEL VER\u0130LER\u0130N \u0130\u015eLENMES\u0130<\/strong><\/p><p>BODVED, \u00fcyelerinden toplad\u0131\u011f\u0131 ki\u015fisel verileri sadece belirli ama\u00e7lar do\u011frultusunda ve mevzuata uygun olarak i\u015fler. Ki\u015fisel verilerin i\u015flenme ama\u00e7lar\u0131 \u015funlard\u0131r:<\/p><ul><li>Dernek faaliyetlerini d\u00fczenleme ve \u00fcyelik s\u00fcre\u00e7lerini y\u00f6netme.<\/li><li>\u0130leti\u015fim kurma ve dernek faaliyetleri hakk\u0131nda bilgi verme.<\/li><li>Etkinlikler, turnuvalar ve di\u011fer organizasyonlar i\u00e7in kat\u0131l\u0131mc\u0131lar\u0131 y\u00f6netme.<\/li><\/ul><p><strong>4. K\u0130\u015e\u0130SEL VER\u0130LER\u0130N KORUNMASI<\/strong><\/p><p>BODVED, ki\u015fisel verilerin g\u00fcvenli\u011fini sa\u011flamak i\u00e7in gerekli teknik ve organizasyonel tedbirleri al\u0131r. Ki\u015fisel verilere yetkisiz eri\u015fim, de\u011fi\u015fiklik veya if\u015fa riskini azaltmak amac\u0131yla g\u00fcvenlik \u00f6nlemleri s\u00fcrekli olarak g\u00f6zden ge\u00e7irilir ve g\u00fcncellenir.<\/p><p><strong>5. K\u0130\u015e\u0130SEL VER\u0130LER\u0130N PAYLA\u015eIMI VE \u00dc\u00c7\u00dcNC\u00dc TARAFLAR<\/strong><\/p><p>BODVED, \u00fcyelerin ki\u015fisel verilerini, yasal y\u00fck\u00fcml\u00fcl\u00fckler do\u011frultusunda veya \u00fcyenin a\u00e7\u0131k r\u0131zas\u0131 ile \u00fc\u00e7\u00fcnc\u00fc taraflarla payla\u015fabilir. Bu payla\u015f\u0131mlar, dernek faaliyetlerini y\u00fcr\u00fctmek ve \u00fcyelere daha iyi hizmet sunmak amac\u0131yla ger\u00e7ekle\u015ftirilir.<\/p><p><strong>6. \u0130LG\u0130L\u0130 K\u0130\u015e\u0130 HAKLARI<\/strong><\/p><p>\u0130lgili ki\u015filer, ki\u015fisel verileri \u00fczerinde belirli haklara sahiptir. Bu haklar aras\u0131nda, ki\u015fisel verilere eri\u015fim, d\u00fczeltme, silme, i\u015fleme itiraz etme ve ta\u015f\u0131nabilirlik haklar\u0131 bulunmaktad\u0131r. Bu haklar\u0131 kullanmak i\u00e7in ilgili ki\u015filer, dernek ile ileti\u015fime ge\u00e7ebilir.<\/p><p><strong>7. DE\u011e\u0130\u015e\u0130KL\u0130KLER VE G\u00dcNCELLEMELER<\/strong><\/p><p>Bu politika, mevzuat de\u011fi\u015fiklikleri, dernek i\u00e7i s\u00fcre\u00e7 de\u011fi\u015fiklikleri veya ba\u015fka nedenlerle g\u00fcncellenebilir. G\u00fcncellenmi\u015f politika, dernek web sitesinde yay\u0131nland\u0131ktan hemen sonra y\u00fcr\u00fcrl\u00fc\u011fe girer.<\/p><p><strong>8. \u0130LET\u0130\u015e\u0130M<\/strong><\/p><p>Ki\u015fisel Verilerin Korunmas\u0131 ve \u0130\u015flenmesi Politikas\u0131 ile ilgili sorular\u0131n\u0131z veya endi\u015feleriniz varsa, l\u00fctfen bize a\u015fa\u011f\u0131daki ileti\u015fim bilgileri \u00fczerinden ula\u015f\u0131n:<\/p><p>BODVED &#8220;Bodrum Veteran Masa Tenisi Kul\u00fcb\u00fc&#8221; [<span class=\"elementor-icon-list-text\">Adres : Konac\u0131k mahallesi Atat\u00fcrk Bulvar\u0131 118\/13 Bodrum\/Mu\u011fla\/T\u00fcrkiye<\/span>] [+902523170788] [info@bodved.com]<p>Bu Ki\u015fisel Verilerin Korunmas\u0131 ve \u0130\u015flenmesi Politikas\u0131 [16.12.2023] tarihinde olu\u015fturulmu\u015f ve y\u00fcr\u00fcrl\u00fc\u011fe girmi\u015ftir. En son g\u00fcncelleme [16.12.2023] tarihinde yap\u0131lm\u0131\u015ft\u0131r.<\/p>\t\t\t\t\t\t\t\t<\/div>\n\t\t\t\t<\/div>\n\t\t\t\t\t<\/div>\n\t\t<\/div>\n\t\t\t\t\t<\/div>\n\t\t<\/section>\n\t\t\t\t<\/div>\n\t\t","protected":false},"excerpt":{"rendered":"<p>BODVED &#8220;Bodrum Veteran Masa Tenisi Kul\u00fcb\u00fc&#8221; K\u0130\u015e\u0130SEL VER\u0130LER\u0130N KORUNMASI VE \u0130\u015eLENMES\u0130 POL\u0130T\u0130KASI 1. G\u0130R\u0130\u015e Bu Ki\u015fisel Verilerin Korunmas\u0131 ve \u0130\u015flenmesi Politikas\u0131, &#8220;Bodrum Veteran Masa Tenisi Kul\u00fcb\u00fc&#8221; (BODVED) taraf\u0131ndan ki\u015fisel verilere&#8230;<\/p>\n","protected":false},"author":2,"featured_media":0,"parent":0,"menu_order":0,"comment_status":"closed","ping_status":"closed","template":"elementor_header_footer","meta":{"_acf_changed":false,"footnotes":""},"class_list":["post-891","page","type-page","status-publish"],"acf":[],"_links":{"self":[{"href":"https:\/\/bodved.com\/index.php?rest_route=\/wp\/v2\/pages\/891","targetHints":{"allow":["GET"]}}],"collection":[{"href":"https:\/\/bodved.com\/index.php?rest_route=\/wp\/v2\/pages"}],"about":[{"href":"https:\/\/bodved.com\/index.php?rest_route=\/wp\/v2\/types\/page"}],"author":[{"embeddable":true,"href":"https:\/\/bodved.com\/index.php?rest_route=\/wp\/v2\/users\/2"}],"replies":[{"embeddable":true,"href":"https:\/\/bodved.com\/index.php?rest_route=%2Fwp%2Fv2%2Fcomments&post=891"}],"version-history":[{"count":4,"href":"https:\/\/bodved.com\/index.php?rest_route=\/wp\/v2\/pages\/891\/revisions"}],"predecessor-version":[{"id":895,"href":"https:\/\/bodved.com\/index.php?rest_route=\/wp\/v2\/pages\/891\/revisions\/895"}],"wp:attachment":[{"href":"https:\/\/bodved.com\/index.php?rest_route=%2Fwp%2Fv2%2Fmedia&parent=891"}],"curies":[{"name":"wp","href":"https:\/\/api.w.org\/{rel}","templated":true}]}}