{"id":886,"date":"2023-12-16T13:57:47","date_gmt":"2023-12-16T13:57:47","guid":{"rendered":"https:\/\/bodved.com\/?page_id=886"},"modified":"2023-12-16T13:59:28","modified_gmt":"2023-12-16T13:59:28","slug":"cerez-politikasi","status":"publish","type":"page","link":"https:\/\/bodved.com\/?page_id=886","title":{"rendered":"\u00c7erez Politikas\u0131"},"content":{"rendered":"\t\t<div data-elementor-type=\"wp-page\" data-elementor-id=\"886\" class=\"elementor elementor-886\" data-elementor-post-type=\"page\">\n\t\t\t\t\t\t<section class=\"elementor-section elementor-top-section elementor-element elementor-element-fa5e163 elementor-section-boxed elementor-section-height-default elementor-section-height-default\" data-id=\"fa5e163\" data-element_type=\"section\" data-e-type=\"section\" data-settings=\"{&quot;ekit_has_onepagescroll_dot&quot;:&quot;yes&quot;}\">\n\t\t\t\t\t\t<div class=\"elementor-container elementor-column-gap-default\">\n\t\t\t\t\t<div class=\"elementor-column elementor-col-50 elementor-top-column elementor-element elementor-element-17832c2\" data-id=\"17832c2\" data-element_type=\"column\" data-e-type=\"column\" data-settings=\"{&quot;background_background&quot;:&quot;classic&quot;}\">\n\t\t\t<div class=\"elementor-widget-wrap elementor-element-populated\">\n\t\t\t\t\t\t<section class=\"elementor-section elementor-inner-section elementor-element elementor-element-ce19577 elementor-section-boxed elementor-section-height-default elementor-section-height-default\" data-id=\"ce19577\" data-element_type=\"section\" data-e-type=\"section\" data-settings=\"{&quot;ekit_has_onepagescroll_dot&quot;:&quot;yes&quot;}\">\n\t\t\t\t\t\t<div class=\"elementor-container elementor-column-gap-default\">\n\t\t\t\t\t<div class=\"elementor-column elementor-col-100 elementor-inner-column elementor-element elementor-element-7b9d7a0\" data-id=\"7b9d7a0\" data-element_type=\"column\" data-e-type=\"column\">\n\t\t\t<div class=\"elementor-widget-wrap elementor-element-populated\">\n\t\t\t\t\t\t<div class=\"elementor-element elementor-element-ac003d4 elementor-widget elementor-widget-heading\" data-id=\"ac003d4\" data-element_type=\"widget\" data-e-type=\"widget\" data-settings=\"{&quot;ekit_we_effect_on&quot;:&quot;none&quot;}\" data-widget_type=\"heading.default\">\n\t\t\t\t<div class=\"elementor-widget-container\">\n\t\t\t\t\t<h2 class=\"elementor-heading-title elementor-size-default\">BODVED \"Bodrum Veteran Masa Tenisi Kul\u00fcb\u00fc\" \u00c7EREZ POL\u0130T\u0130KASI\n\n<\/h2>\t\t\t\t<\/div>\n\t\t\t\t<\/div>\n\t\t\t\t\t<\/div>\n\t\t<\/div>\n\t\t\t\t\t<\/div>\n\t\t<\/section>\n\t\t\t\t\t<\/div>\n\t\t<\/div>\n\t\t\t\t<div class=\"elementor-column elementor-col-50 elementor-top-column elementor-element elementor-element-ec101ff\" data-id=\"ec101ff\" data-element_type=\"column\" data-e-type=\"column\">\n\t\t\t<div class=\"elementor-widget-wrap\">\n\t\t\t\t\t\t\t<\/div>\n\t\t<\/div>\n\t\t\t\t\t<\/div>\n\t\t<\/section>\n\t\t\t\t<section class=\"elementor-section elementor-top-section elementor-element elementor-element-0b233bd elementor-section-boxed elementor-section-height-default elementor-section-height-default\" data-id=\"0b233bd\" data-element_type=\"section\" data-e-type=\"section\" data-settings=\"{&quot;ekit_has_onepagescroll_dot&quot;:&quot;yes&quot;}\">\n\t\t\t\t\t\t<div class=\"elementor-container elementor-column-gap-default\">\n\t\t\t\t\t<div class=\"elementor-column elementor-col-100 elementor-top-column elementor-element elementor-element-d062e54\" data-id=\"d062e54\" data-element_type=\"column\" data-e-type=\"column\">\n\t\t\t<div class=\"elementor-widget-wrap elementor-element-populated\">\n\t\t\t\t\t\t<div class=\"elementor-element elementor-element-6e2b0ba elementor-widget elementor-widget-text-editor\" data-id=\"6e2b0ba\" data-element_type=\"widget\" data-e-type=\"widget\" data-settings=\"{&quot;ekit_we_effect_on&quot;:&quot;none&quot;}\" data-widget_type=\"text-editor.default\">\n\t\t\t\t<div class=\"elementor-widget-container\">\n\t\t\t\t\t\t\t\t\t<p><strong>1. G\u0130R\u0130\u015e<\/strong><\/p><p>Bu \u00c7erez Politikas\u0131, BODVED (&#8220;Bodrum Veteran Masa Tenisi Kul\u00fcb\u00fc&#8221;) taraf\u0131ndan i\u015fletilen web sitesi \u00fczerinden toplanan \u00e7erezlerle ilgili bilgileri a\u00e7\u0131klar. Bu politika, web sitesini ziyaret eden kullan\u0131c\u0131lara uygulan\u0131r.<\/p><p><strong>2. \u00c7EREZ NED\u0130R?<\/strong><\/p><p>\u00c7erezler, bir web sitesinin kullan\u0131c\u0131 taraf\u0131ndan ziyaret edildi\u011finde taray\u0131c\u0131ya g\u00f6nderilen k\u00fc\u00e7\u00fck metin dosyalar\u0131d\u0131r. Bu dosyalar, ziyaret edilen web sitesine ait bilgileri hat\u0131rlamak ve kullan\u0131c\u0131n\u0131n web sitesini daha etkili bir \u015fekilde kullanmas\u0131na yard\u0131mc\u0131 olmak amac\u0131yla kullan\u0131l\u0131r.<\/p><p><strong>3. KULLANILAN \u00c7EREZLER<\/strong><\/p><p>BODVED web sitesi, a\u015fa\u011f\u0131daki t\u00fcrde \u00e7erezleri kullanabilir:<\/p><ul><li><p><strong>Zorunlu \u00c7erezler:<\/strong> Bu \u00e7erezler, web sitesinin temel i\u015flevselli\u011fini sa\u011flamak i\u00e7in gereklidir. Kullan\u0131c\u0131 oturumu, g\u00fcvenlik ve siteye eri\u015fim kontrol\u00fc gibi temel i\u015flemleri destekler.<\/p><\/li><li><p><strong>Analitik \u00c7erezler:<\/strong> Bu \u00e7erezler, web sitesinin kullan\u0131m\u0131n\u0131 analiz etmek ve iyile\u015ftirmek i\u00e7in kullan\u0131l\u0131r. Ziyaret\u00e7i trafi\u011fi, sayfa g\u00f6r\u00fcnt\u00fcleme istatistikleri ve benzeri analitik verileri toplar.<\/p><\/li><li><p><strong>Hedefleme ve Reklam \u00c7erezleri:<\/strong> Bu \u00e7erezler, kullan\u0131c\u0131lara daha ilgi \u00e7ekici i\u00e7erikler sunmak amac\u0131yla kullan\u0131l\u0131r. Reklam ve pazarlama stratejilerini destekler.<\/p><\/li><\/ul><p><strong>4. \u00c7EREZ KONTROL\u00dc VE REDD\u0130<\/strong><\/p><p>Web taray\u0131c\u0131n\u0131z\u0131n ayarlar\u0131 arac\u0131l\u0131\u011f\u0131yla \u00e7erezleri kabul etme, reddetme veya sizi \u00e7erez konusunda bilgilendirmesi i\u00e7in se\u00e7enekleri belirleme hakk\u0131na sahipsiniz. Ancak, baz\u0131 \u00e7erezlerin reddi, web sitesinin baz\u0131 fonksiyonlar\u0131n\u0131n d\u00fczg\u00fcn \u00e7al\u0131\u015fmas\u0131n\u0131 etkileyebilir.<\/p><p><strong>5. \u00dc\u00c7\u00dcNC\u00dc TARAF \u00c7EREZLER\u0130<\/strong><\/p><p>BODVED web sitesi, \u00fc\u00e7\u00fcnc\u00fc taraf hizmet sa\u011flay\u0131c\u0131lar\u0131 taraf\u0131ndan sa\u011flanan \u00e7erezleri kullanabilir. Bu \u00e7erezler, ziyaret\u00e7ilerin web sitesini kullan\u0131m\u0131n\u0131 analiz etmek ve reklamlar\u0131 ki\u015fiselle\u015ftirmek amac\u0131yla kullan\u0131labilir. \u00dc\u00e7\u00fcnc\u00fc taraf \u00e7erezlerinin kullan\u0131m\u0131, ilgili \u00fc\u00e7\u00fcnc\u00fc taraf\u0131n \u00e7erez politikas\u0131na tabidir.<\/p><p><strong>6. DE\u011e\u0130\u015e\u0130KL\u0130KLER VE G\u00dcNCELLEMELER<\/strong><\/p><p>BODVED, \u00c7erez Politikas\u0131n\u0131 g\u00fcncelleme hakk\u0131n\u0131 sakl\u0131 tutar. Politikada yap\u0131lan de\u011fi\u015fiklikler, web sitesinde yay\u0131nland\u0131ktan hemen sonra ge\u00e7erli olacakt\u0131r. Bu nedenle, politikay\u0131 d\u00fczenli olarak g\u00f6zden ge\u00e7irmenizi \u00f6neririz.<\/p><p><strong>7. \u0130LET\u0130\u015e\u0130M<\/strong><\/p><p>\u00c7erez Politikas\u0131 ile ilgili sorular\u0131n\u0131z veya endi\u015feleriniz varsa, l\u00fctfen bize a\u015fa\u011f\u0131daki ileti\u015fim bilgileri \u00fczerinden ula\u015f\u0131n:<\/p><p>BODVED &#8220;Bodrum Veteran Masa Tenisi Kul\u00fcb\u00fc&#8221; [Konac\u0131k mahallesi Atat\u00fcrk Bulvar\u0131 118\/13 Bodrum\/Mu\u011fla\/T\u00fcrkiye] [+90 252 317 07 88] [info@bodved.com]<p>Bu \u00c7erez Politikas\u0131 [16.12.2023] tarihinde olu\u015fturulmu\u015f ve y\u00fcr\u00fcrl\u00fc\u011fe girmi\u015ftir. En son g\u00fcncelleme [16.12.2023] tarihinde yap\u0131lm\u0131\u015ft\u0131r.<\/p>\t\t\t\t\t\t\t\t<\/div>\n\t\t\t\t<\/div>\n\t\t\t\t\t<\/div>\n\t\t<\/div>\n\t\t\t\t\t<\/div>\n\t\t<\/section>\n\t\t\t\t<\/div>\n\t\t","protected":false},"excerpt":{"rendered":"<p>BODVED &#8220;Bodrum Veteran Masa Tenisi Kul\u00fcb\u00fc&#8221; \u00c7EREZ POL\u0130T\u0130KASI 1. G\u0130R\u0130\u015e Bu \u00c7erez Politikas\u0131, BODVED (&#8220;Bodrum Veteran Masa Tenisi Kul\u00fcb\u00fc&#8221;) taraf\u0131ndan i\u015fletilen web sitesi \u00fczerinden toplanan \u00e7erezlerle ilgili bilgileri a\u00e7\u0131klar. Bu&#8230;<\/p>\n","protected":false},"author":2,"featured_media":0,"parent":0,"menu_order":0,"comment_status":"closed","ping_status":"closed","template":"elementor_header_footer","meta":{"_acf_changed":false,"footnotes":""},"class_list":["post-886","page","type-page","status-publish"],"acf":[],"_links":{"self":[{"href":"https:\/\/bodved.com\/index.php?rest_route=\/wp\/v2\/pages\/886","targetHints":{"allow":["GET"]}}],"collection":[{"href":"https:\/\/bodved.com\/index.php?rest_route=\/wp\/v2\/pages"}],"about":[{"href":"https:\/\/bodved.com\/index.php?rest_route=\/wp\/v2\/types\/page"}],"author":[{"embeddable":true,"href":"https:\/\/bodved.com\/index.php?rest_route=\/wp\/v2\/users\/2"}],"replies":[{"embeddable":true,"href":"https:\/\/bodved.com\/index.php?rest_route=%2Fwp%2Fv2%2Fcomments&post=886"}],"version-history":[{"count":4,"href":"https:\/\/bodved.com\/index.php?rest_route=\/wp\/v2\/pages\/886\/revisions"}],"predecessor-version":[{"id":890,"href":"https:\/\/bodved.com\/index.php?rest_route=\/wp\/v2\/pages\/886\/revisions\/890"}],"wp:attachment":[{"href":"https:\/\/bodved.com\/index.php?rest_route=%2Fwp%2Fv2%2Fmedia&parent=886"}],"curies":[{"name":"wp","href":"https:\/\/api.w.org\/{rel}","templated":true}]}}