{"id":881,"date":"2023-12-16T13:53:55","date_gmt":"2023-12-16T13:53:55","guid":{"rendered":"https:\/\/bodved.com\/?page_id=881"},"modified":"2023-12-16T13:56:42","modified_gmt":"2023-12-16T13:56:42","slug":"gizlilik-politikasi","status":"publish","type":"page","link":"https:\/\/bodved.com\/?page_id=881","title":{"rendered":"Gizlilik Politikas\u0131"},"content":{"rendered":"\t\t<div data-elementor-type=\"wp-page\" data-elementor-id=\"881\" class=\"elementor elementor-881\" data-elementor-post-type=\"page\">\n\t\t\t\t\t\t<section class=\"elementor-section elementor-top-section elementor-element elementor-element-fa5e163 elementor-section-boxed elementor-section-height-default elementor-section-height-default\" data-id=\"fa5e163\" data-element_type=\"section\" data-e-type=\"section\" data-settings=\"{&quot;ekit_has_onepagescroll_dot&quot;:&quot;yes&quot;}\">\n\t\t\t\t\t\t<div class=\"elementor-container elementor-column-gap-default\">\n\t\t\t\t\t<div class=\"elementor-column elementor-col-50 elementor-top-column elementor-element elementor-element-17832c2\" data-id=\"17832c2\" data-element_type=\"column\" data-e-type=\"column\" data-settings=\"{&quot;background_background&quot;:&quot;classic&quot;}\">\n\t\t\t<div class=\"elementor-widget-wrap elementor-element-populated\">\n\t\t\t\t\t\t<section class=\"elementor-section elementor-inner-section elementor-element elementor-element-ce19577 elementor-section-boxed elementor-section-height-default elementor-section-height-default\" data-id=\"ce19577\" data-element_type=\"section\" data-e-type=\"section\" data-settings=\"{&quot;ekit_has_onepagescroll_dot&quot;:&quot;yes&quot;}\">\n\t\t\t\t\t\t<div class=\"elementor-container elementor-column-gap-default\">\n\t\t\t\t\t<div class=\"elementor-column elementor-col-100 elementor-inner-column elementor-element elementor-element-7b9d7a0\" data-id=\"7b9d7a0\" data-element_type=\"column\" data-e-type=\"column\">\n\t\t\t<div class=\"elementor-widget-wrap elementor-element-populated\">\n\t\t\t\t\t\t<div class=\"elementor-element elementor-element-ac003d4 elementor-widget elementor-widget-heading\" data-id=\"ac003d4\" data-element_type=\"widget\" data-e-type=\"widget\" data-settings=\"{&quot;ekit_we_effect_on&quot;:&quot;none&quot;}\" data-widget_type=\"heading.default\">\n\t\t\t\t<div class=\"elementor-widget-container\">\n\t\t\t\t\t<h2 class=\"elementor-heading-title elementor-size-default\">BODVED \"Bodrum Veteran Masa Tenisi Kul\u00fcb\u00fc\" G\u0130ZL\u0130L\u0130K POL\u0130T\u0130KASI\n\n<\/h2>\t\t\t\t<\/div>\n\t\t\t\t<\/div>\n\t\t\t\t\t<\/div>\n\t\t<\/div>\n\t\t\t\t\t<\/div>\n\t\t<\/section>\n\t\t\t\t\t<\/div>\n\t\t<\/div>\n\t\t\t\t<div class=\"elementor-column elementor-col-50 elementor-top-column elementor-element elementor-element-ec101ff\" data-id=\"ec101ff\" data-element_type=\"column\" data-e-type=\"column\">\n\t\t\t<div class=\"elementor-widget-wrap\">\n\t\t\t\t\t\t\t<\/div>\n\t\t<\/div>\n\t\t\t\t\t<\/div>\n\t\t<\/section>\n\t\t\t\t<section class=\"elementor-section elementor-top-section elementor-element elementor-element-0b233bd elementor-section-boxed elementor-section-height-default elementor-section-height-default\" data-id=\"0b233bd\" data-element_type=\"section\" data-e-type=\"section\" data-settings=\"{&quot;ekit_has_onepagescroll_dot&quot;:&quot;yes&quot;}\">\n\t\t\t\t\t\t<div class=\"elementor-container elementor-column-gap-default\">\n\t\t\t\t\t<div class=\"elementor-column elementor-col-100 elementor-top-column elementor-element elementor-element-d062e54\" data-id=\"d062e54\" data-element_type=\"column\" data-e-type=\"column\">\n\t\t\t<div class=\"elementor-widget-wrap elementor-element-populated\">\n\t\t\t\t\t\t<div class=\"elementor-element elementor-element-6e2b0ba elementor-widget elementor-widget-text-editor\" data-id=\"6e2b0ba\" data-element_type=\"widget\" data-e-type=\"widget\" data-settings=\"{&quot;ekit_we_effect_on&quot;:&quot;none&quot;}\" data-widget_type=\"text-editor.default\">\n\t\t\t\t<div class=\"elementor-widget-container\">\n\t\t\t\t\t\t\t\t\t<p><strong>1. G\u0130R\u0130\u015e VE AMA\u00c7<\/strong><\/p><p>BODVED (&#8220;Bodrum Veteran Masa Tenisi Kul\u00fcb\u00fc&#8221;), \u00fcyelerinin gizlili\u011fine sayg\u0131 g\u00f6stermeyi taahh\u00fct eder ve ki\u015fisel bilgilerin korunmas\u0131 konusunda b\u00fcy\u00fck bir \u00f6nem atfeder. Bu gizlilik politikas\u0131, BODVED \u00fcyelerinin ki\u015fisel bilgilerinin nas\u0131l topland\u0131\u011f\u0131n\u0131, kullan\u0131ld\u0131\u011f\u0131n\u0131, payla\u015f\u0131ld\u0131\u011f\u0131n\u0131 ve korundu\u011funu a\u00e7\u0131klar.<\/p><p><strong>2. TOPLANAN B\u0130LG\u0130LER<\/strong><\/p><p>BODVED, \u00fcyelerinden toplad\u0131\u011f\u0131 bilgilerle s\u0131n\u0131rl\u0131 olmak \u00fczere \u015fu t\u00fcr bilgileri toplayabilir:<\/p><ul><li>\u0130sim, soyad\u0131, ileti\u015fim bilgileri (e-posta adresi, telefon numaras\u0131, adres vb.).<\/li><li>Do\u011fum tarihi, cinsiyet ve di\u011fer ki\u015fisel bilgiler.<\/li><li>Kat\u0131l\u0131m bilgileri (turnuva kay\u0131tlar\u0131, etkinliklere kat\u0131l\u0131m bilgileri).<\/li><li>Web sitesini ziyaret etme ve kullanma al\u0131\u015fkanl\u0131klar\u0131.<\/li><\/ul><p><strong>3. B\u0130LG\u0130 KULLANIMI VE AMACI<\/strong><\/p><p>BODVED, toplad\u0131\u011f\u0131 ki\u015fisel bilgileri a\u015fa\u011f\u0131daki ama\u00e7larla kullanabilir:<\/p><ul><li>Dernek faaliyetlerini d\u00fczenleme ve y\u00f6netme.<\/li><li>\u00dcyelere etkinlik ve turnuva bilgileri g\u00f6nderme.<\/li><li>\u0130leti\u015fim kurma ve geri bildirim almak.<\/li><li>G\u00fcvenlik ve sahtecilik \u00f6nleme.<\/li><\/ul><p><strong>4. B\u0130LG\u0130 PAYLA\u015eIMI VE \u00dc\u00c7\u00dcNC\u00dc TARAFLAR<\/strong><\/p><p>BODVED, \u00fcyelerinin ki\u015fisel bilgilerini kesinlikle \u00fc\u00e7\u00fcnc\u00fc taraflarla payla\u015fmaz. Ancak, yasal y\u00fck\u00fcml\u00fcl\u00fckler, hukuki s\u00fcre\u00e7lere uyum ve derne\u011fin haklar\u0131n\u0131 ve g\u00fcvenli\u011fini korumak amac\u0131yla gerekti\u011finde bu bilgiler payla\u015f\u0131labilir.<\/p><p><strong>5. G\u00dcVENL\u0130K<\/strong><\/p><p>BODVED, \u00fcyelerinin ki\u015fisel bilgilerini korumak i\u00e7in gerekli \u00f6nlemleri al\u0131r. Ancak, internet \u00fczerinden ileti\u015fimin tam g\u00fcvenli\u011fi garanti edilemez. Bu nedenle, bilgilerin iletimi s\u0131ras\u0131nda herhangi bir g\u00fcvenlik a\u00e7\u0131\u011f\u0131 olmas\u0131 durumunda BODVED sorumluluk kabul etmez.<\/p><p><strong>6. \u00c7OCUKLARIN G\u0130ZL\u0130L\u0130\u011e\u0130<\/strong><\/p><p>BODVED, bilerek 18 ya\u015f\u0131n alt\u0131ndaki \u00e7ocuklardan ki\u015fisel bilgi toplamaz. E\u011fer bir ebeveyn veya vasinin 18 ya\u015f\u0131n alt\u0131ndaki bir \u00e7ocu\u011fun BODVED&#8217;ye ki\u015fisel bilgi sa\u011flad\u0131\u011f\u0131na inan\u0131yorsa, l\u00fctfen bize dernek ileti\u015fim kanallar\u0131 \u00fczerinden ula\u015f\u0131n.<\/p><p><strong>7. DE\u011e\u0130\u015e\u0130KL\u0130KLER VE G\u00dcNCELLEMELER<\/strong><\/p><p>Bu gizlilik politikas\u0131, BODVED taraf\u0131ndan gerekti\u011finde g\u00fcncellenebilir. G\u00fcncellemeler, de\u011fi\u015fiklikler ve revizyonlar, web sitesinde yay\u0131nland\u0131ktan hemen sonra y\u00fcr\u00fcrl\u00fc\u011fe girer. Bu nedenle, bu politikay\u0131 periyodik olarak g\u00f6zden ge\u00e7irmenizi \u00f6neririz.<\/p><p><strong>8. \u0130LET\u0130\u015e\u0130M<\/strong><\/p><p>Gizlilik politikam\u0131zla ilgili sorular\u0131n\u0131z, \u00f6nerileriniz veya endi\u015feleriniz varsa l\u00fctfen bize a\u015fa\u011f\u0131daki ileti\u015fim bilgileri \u00fczerinden ula\u015f\u0131n:<\/p><p>BODVED &#8220;Bodrum Veteran Masa Tenisi Kul\u00fcb\u00fc&#8221; [<span class=\"elementor-icon-list-text\">Adres : Konac\u0131k mahallesi Atat\u00fcrk Bulvar\u0131 118\/13 Bodrum\/Mu\u011fla\/T\u00fcrkiye<\/span>] [+902523170788] [info@bodved.com]<p>Bu gizlilik politikas\u0131 [16.12.2023] tarihinde olu\u015fturulmu\u015f ve y\u00fcr\u00fcrl\u00fc\u011fe girmi\u015ftir. En son g\u00fcncelleme [16.12.2023] tarihinde yap\u0131lm\u0131\u015ft\u0131r.<\/p>\t\t\t\t\t\t\t\t<\/div>\n\t\t\t\t<\/div>\n\t\t\t\t\t<\/div>\n\t\t<\/div>\n\t\t\t\t\t<\/div>\n\t\t<\/section>\n\t\t\t\t<\/div>\n\t\t","protected":false},"excerpt":{"rendered":"<p>BODVED &#8220;Bodrum Veteran Masa Tenisi Kul\u00fcb\u00fc&#8221; G\u0130ZL\u0130L\u0130K POL\u0130T\u0130KASI 1. G\u0130R\u0130\u015e VE AMA\u00c7 BODVED (&#8220;Bodrum Veteran Masa Tenisi Kul\u00fcb\u00fc&#8221;), \u00fcyelerinin gizlili\u011fine sayg\u0131 g\u00f6stermeyi taahh\u00fct eder ve ki\u015fisel bilgilerin korunmas\u0131 konusunda b\u00fcy\u00fck&#8230;<\/p>\n","protected":false},"author":2,"featured_media":0,"parent":0,"menu_order":0,"comment_status":"closed","ping_status":"closed","template":"elementor_header_footer","meta":{"_acf_changed":false,"footnotes":""},"class_list":["post-881","page","type-page","status-publish"],"acf":[],"_links":{"self":[{"href":"https:\/\/bodved.com\/index.php?rest_route=\/wp\/v2\/pages\/881","targetHints":{"allow":["GET"]}}],"collection":[{"href":"https:\/\/bodved.com\/index.php?rest_route=\/wp\/v2\/pages"}],"about":[{"href":"https:\/\/bodved.com\/index.php?rest_route=\/wp\/v2\/types\/page"}],"author":[{"embeddable":true,"href":"https:\/\/bodved.com\/index.php?rest_route=\/wp\/v2\/users\/2"}],"replies":[{"embeddable":true,"href":"https:\/\/bodved.com\/index.php?rest_route=%2Fwp%2Fv2%2Fcomments&post=881"}],"version-history":[{"count":4,"href":"https:\/\/bodved.com\/index.php?rest_route=\/wp\/v2\/pages\/881\/revisions"}],"predecessor-version":[{"id":885,"href":"https:\/\/bodved.com\/index.php?rest_route=\/wp\/v2\/pages\/881\/revisions\/885"}],"wp:attachment":[{"href":"https:\/\/bodved.com\/index.php?rest_route=%2Fwp%2Fv2%2Fmedia&parent=881"}],"curies":[{"name":"wp","href":"https:\/\/api.w.org\/{rel}","templated":true}]}}