{"id":858,"date":"2023-12-16T13:25:36","date_gmt":"2023-12-16T13:25:36","guid":{"rendered":"https:\/\/bodved.com\/?page_id=858"},"modified":"2023-12-16T13:28:31","modified_gmt":"2023-12-16T13:28:31","slug":"bagis-hesabi","status":"publish","type":"page","link":"https:\/\/bodved.com\/?page_id=858","title":{"rendered":"Ba\u011f\u0131\u015f Hesab\u0131"},"content":{"rendered":"\t\t<div data-elementor-type=\"wp-page\" data-elementor-id=\"858\" class=\"elementor elementor-858\" data-elementor-post-type=\"page\">\n\t\t\t\t\t\t<section class=\"elementor-section elementor-top-section elementor-element elementor-element-f6795c0 elementor-section-height-min-height elementor-section-boxed elementor-section-height-default elementor-section-items-middle\" data-id=\"f6795c0\" data-element_type=\"section\" data-e-type=\"section\" data-settings=\"{&quot;ekit_has_onepagescroll_dot&quot;:&quot;yes&quot;}\">\n\t\t\t\t\t\t<div class=\"elementor-container elementor-column-gap-default\">\n\t\t\t\t\t<div class=\"elementor-column elementor-col-100 elementor-top-column elementor-element elementor-element-d75b3dd\" data-id=\"d75b3dd\" data-element_type=\"column\" data-e-type=\"column\" data-settings=\"{&quot;background_background&quot;:&quot;classic&quot;}\">\n\t\t\t<div class=\"elementor-widget-wrap elementor-element-populated\">\n\t\t\t\t\t\t<div class=\"elementor-element elementor-element-1f462f7 elementor-widget elementor-widget-heading\" data-id=\"1f462f7\" data-element_type=\"widget\" data-e-type=\"widget\" data-settings=\"{&quot;ekit_we_effect_on&quot;:&quot;none&quot;}\" data-widget_type=\"heading.default\">\n\t\t\t\t<div class=\"elementor-widget-container\">\n\t\t\t\t\t<h2 class=\"elementor-heading-title elementor-size-default\">Boved Ba\u011f\u0131\u015f Hesap Bilgileri<\/h2>\t\t\t\t<\/div>\n\t\t\t\t<\/div>\n\t\t\t\t<div class=\"elementor-element elementor-element-aa12896 elementor-widget elementor-widget-text-editor\" data-id=\"aa12896\" data-element_type=\"widget\" data-e-type=\"widget\" data-settings=\"{&quot;ekit_we_effect_on&quot;:&quot;none&quot;}\" data-widget_type=\"text-editor.default\">\n\t\t\t\t<div class=\"elementor-widget-container\">\n\t\t\t\t\t\t\t\t\t\u0130\u015f Bankas\u0131 Yal\u0131kavak \u015eubesi BODVED <br>BA\u011eI\u015e HESABI:\n<br>\n<br>Bodrum Veteran Masa Tenis\u00e7ileri <br>Spor Kul\u00fcb\u00fc Derne\u011fi\n<br><br>\nIBAN: TR76 0006 4000 0013 6140 1471 40\t\t\t\t\t\t\t\t<\/div>\n\t\t\t\t<\/div>\n\t\t\t\t\t<\/div>\n\t\t<\/div>\n\t\t\t\t\t<\/div>\n\t\t<\/section>\n\t\t\t\t<\/div>\n\t\t","protected":false},"excerpt":{"rendered":"<p>Boved Ba\u011f\u0131\u015f Hesap Bilgileri \u0130\u015f Bankas\u0131 Yal\u0131kavak \u015eubesi BODVED BA\u011eI\u015e HESABI: Bodrum Veteran Masa Tenis\u00e7ileri Spor Kul\u00fcb\u00fc Derne\u011fi IBAN: TR76 0006 4000 0013 6140 1471 40<\/p>\n","protected":false},"author":2,"featured_media":0,"parent":0,"menu_order":0,"comment_status":"closed","ping_status":"closed","template":"elementor_header_footer","meta":{"_acf_changed":false,"footnotes":""},"class_list":["post-858","page","type-page","status-publish"],"acf":[],"_links":{"self":[{"href":"https:\/\/bodved.com\/index.php?rest_route=\/wp\/v2\/pages\/858","targetHints":{"allow":["GET"]}}],"collection":[{"href":"https:\/\/bodved.com\/index.php?rest_route=\/wp\/v2\/pages"}],"about":[{"href":"https:\/\/bodved.com\/index.php?rest_route=\/wp\/v2\/types\/page"}],"author":[{"embeddable":true,"href":"https:\/\/bodved.com\/index.php?rest_route=\/wp\/v2\/users\/2"}],"replies":[{"embeddable":true,"href":"https:\/\/bodved.com\/index.php?rest_route=%2Fwp%2Fv2%2Fcomments&post=858"}],"version-history":[{"count":10,"href":"https:\/\/bodved.com\/index.php?rest_route=\/wp\/v2\/pages\/858\/revisions"}],"predecessor-version":[{"id":868,"href":"https:\/\/bodved.com\/index.php?rest_route=\/wp\/v2\/pages\/858\/revisions\/868"}],"wp:attachment":[{"href":"https:\/\/bodved.com\/index.php?rest_route=%2Fwp%2Fv2%2Fmedia&parent=858"}],"curies":[{"name":"wp","href":"https:\/\/api.w.org\/{rel}","templated":true}]}}