{"id":749,"date":"2023-12-16T10:31:57","date_gmt":"2023-12-16T10:31:57","guid":{"rendered":"https:\/\/bodved.com\/?page_id=749"},"modified":"2024-11-18T12:27:28","modified_gmt":"2024-11-18T12:27:28","slug":"yonetim-kurulu","status":"publish","type":"page","link":"https:\/\/bodved.com\/?page_id=749","title":{"rendered":"Y\u00f6netim Kurulu"},"content":{"rendered":"\t\t<div data-elementor-type=\"wp-page\" data-elementor-id=\"749\" class=\"elementor elementor-749\" data-elementor-post-type=\"page\">\n\t\t\t\t\t\t<section class=\"elementor-section elementor-top-section elementor-element elementor-element-f6795c0 elementor-section-boxed elementor-section-height-default elementor-section-height-default\" data-id=\"f6795c0\" data-element_type=\"section\" data-e-type=\"section\" data-settings=\"{&quot;ekit_has_onepagescroll_dot&quot;:&quot;yes&quot;}\">\n\t\t\t\t\t\t<div class=\"elementor-container elementor-column-gap-default\">\n\t\t\t\t\t<div class=\"elementor-column elementor-col-100 elementor-top-column elementor-element elementor-element-d75b3dd\" data-id=\"d75b3dd\" data-element_type=\"column\" data-e-type=\"column\" data-settings=\"{&quot;background_background&quot;:&quot;classic&quot;}\">\n\t\t\t<div class=\"elementor-widget-wrap elementor-element-populated\">\n\t\t\t\t\t\t<div class=\"elementor-element elementor-element-1f462f7 elementor-widget elementor-widget-heading\" data-id=\"1f462f7\" data-element_type=\"widget\" data-e-type=\"widget\" data-settings=\"{&quot;ekit_we_effect_on&quot;:&quot;none&quot;}\" data-widget_type=\"heading.default\">\n\t\t\t\t<div class=\"elementor-widget-container\">\n\t\t\t\t\t<h2 class=\"elementor-heading-title elementor-size-default\">Y\u00f6netim  Kurulu<\/h2>\t\t\t\t<\/div>\n\t\t\t\t<\/div>\n\t\t\t\t\t<\/div>\n\t\t<\/div>\n\t\t\t\t\t<\/div>\n\t\t<\/section>\n\t\t\t\t<section class=\"elementor-section elementor-top-section elementor-element elementor-element-6151c54 elementor-section-boxed elementor-section-height-default elementor-section-height-default\" data-id=\"6151c54\" data-element_type=\"section\" data-e-type=\"section\" data-settings=\"{&quot;ekit_has_onepagescroll_dot&quot;:&quot;yes&quot;}\">\n\t\t\t\t\t\t<div class=\"elementor-container elementor-column-gap-default\">\n\t\t\t\t\t<div class=\"elementor-column elementor-col-20 elementor-top-column elementor-element elementor-element-533e5c5\" data-id=\"533e5c5\" data-element_type=\"column\" data-e-type=\"column\">\n\t\t\t<div class=\"elementor-widget-wrap elementor-element-populated\">\n\t\t\t\t\t\t<div class=\"elementor-element elementor-element-5a170b1 dce_masking-none elementor-position-top elementor-widget elementor-widget-image-box\" data-id=\"5a170b1\" data-element_type=\"widget\" data-e-type=\"widget\" data-settings=\"{&quot;ekit_we_effect_on&quot;:&quot;none&quot;}\" data-widget_type=\"image-box.default\">\n\t\t\t\t<div class=\"elementor-widget-container\">\n\t\t\t\t\t<div class=\"elementor-image-box-wrapper\"><figure class=\"elementor-image-box-img\"><img fetchpriority=\"high\" decoding=\"async\" width=\"1689\" height=\"1690\" src=\"https:\/\/bodved.com\/wp-content\/uploads\/2024\/03\/sasa.jpg\" class=\"attachment-full size-full wp-image-1436\" alt=\"\" srcset=\"https:\/\/bodved.com\/wp-content\/uploads\/2024\/03\/sasa.jpg 1689w, https:\/\/bodved.com\/wp-content\/uploads\/2024\/03\/sasa-300x300.jpg 300w, https:\/\/bodved.com\/wp-content\/uploads\/2024\/03\/sasa-1024x1024.jpg 1024w, https:\/\/bodved.com\/wp-content\/uploads\/2024\/03\/sasa-150x150.jpg 150w, https:\/\/bodved.com\/wp-content\/uploads\/2024\/03\/sasa-768x768.jpg 768w, https:\/\/bodved.com\/wp-content\/uploads\/2024\/03\/sasa-1536x1536.jpg 1536w, https:\/\/bodved.com\/wp-content\/uploads\/2024\/03\/sasa-100x100.jpg 100w, https:\/\/bodved.com\/wp-content\/uploads\/2024\/03\/sasa-140x140.jpg 140w, https:\/\/bodved.com\/wp-content\/uploads\/2024\/03\/sasa-500x500.jpg 500w, https:\/\/bodved.com\/wp-content\/uploads\/2024\/03\/sasa-350x350.jpg 350w, https:\/\/bodved.com\/wp-content\/uploads\/2024\/03\/sasa-1000x1000.jpg 1000w, https:\/\/bodved.com\/wp-content\/uploads\/2024\/03\/sasa-800x800.jpg 800w\" sizes=\"(max-width: 1689px) 100vw, 1689px\" \/><\/figure><div class=\"elementor-image-box-content\"><h3 class=\"elementor-image-box-title\">O\u011eUZ DEVEL\u0130<\/h3><p class=\"elementor-image-box-description\">BA\u015eKAN<\/p><\/div><\/div>\t\t\t\t<\/div>\n\t\t\t\t<\/div>\n\t\t\t\t\t<\/div>\n\t\t<\/div>\n\t\t\t\t<div class=\"elementor-column elementor-col-20 elementor-top-column elementor-element elementor-element-f3462dc\" data-id=\"f3462dc\" data-element_type=\"column\" data-e-type=\"column\">\n\t\t\t<div class=\"elementor-widget-wrap elementor-element-populated\">\n\t\t\t\t\t\t<div class=\"elementor-element elementor-element-bdb316e dce_masking-none elementor-position-top elementor-widget elementor-widget-image-box\" data-id=\"bdb316e\" data-element_type=\"widget\" data-e-type=\"widget\" data-settings=\"{&quot;ekit_we_effect_on&quot;:&quot;none&quot;}\" data-widget_type=\"image-box.default\">\n\t\t\t\t<div class=\"elementor-widget-container\">\n\t\t\t\t\t<div class=\"elementor-image-box-wrapper\"><figure class=\"elementor-image-box-img\"><img decoding=\"async\" width=\"1689\" height=\"1690\" src=\"https:\/\/bodved.com\/wp-content\/uploads\/2024\/03\/bbb.jpg\" class=\"attachment-full size-full wp-image-1431\" alt=\"\" srcset=\"https:\/\/bodved.com\/wp-content\/uploads\/2024\/03\/bbb.jpg 1689w, https:\/\/bodved.com\/wp-content\/uploads\/2024\/03\/bbb-300x300.jpg 300w, https:\/\/bodved.com\/wp-content\/uploads\/2024\/03\/bbb-1024x1024.jpg 1024w, https:\/\/bodved.com\/wp-content\/uploads\/2024\/03\/bbb-150x150.jpg 150w, https:\/\/bodved.com\/wp-content\/uploads\/2024\/03\/bbb-768x768.jpg 768w, https:\/\/bodved.com\/wp-content\/uploads\/2024\/03\/bbb-1536x1536.jpg 1536w, https:\/\/bodved.com\/wp-content\/uploads\/2024\/03\/bbb-100x100.jpg 100w, https:\/\/bodved.com\/wp-content\/uploads\/2024\/03\/bbb-140x140.jpg 140w, https:\/\/bodved.com\/wp-content\/uploads\/2024\/03\/bbb-500x500.jpg 500w, https:\/\/bodved.com\/wp-content\/uploads\/2024\/03\/bbb-350x350.jpg 350w, https:\/\/bodved.com\/wp-content\/uploads\/2024\/03\/bbb-1000x1000.jpg 1000w, https:\/\/bodved.com\/wp-content\/uploads\/2024\/03\/bbb-800x800.jpg 800w\" sizes=\"(max-width: 1689px) 100vw, 1689px\" \/><\/figure><div class=\"elementor-image-box-content\"><h3 class=\"elementor-image-box-title\">GAMZE BA\u011eCI<\/h3><p class=\"elementor-image-box-description\">BA\u015eKAN YARDIMCISI<\/p><\/div><\/div>\t\t\t\t<\/div>\n\t\t\t\t<\/div>\n\t\t\t\t\t<\/div>\n\t\t<\/div>\n\t\t\t\t<div class=\"elementor-column elementor-col-20 elementor-top-column elementor-element elementor-element-ea02fcf\" data-id=\"ea02fcf\" data-element_type=\"column\" data-e-type=\"column\">\n\t\t\t<div class=\"elementor-widget-wrap elementor-element-populated\">\n\t\t\t\t\t\t<div class=\"elementor-element elementor-element-4cca0e2 dce_masking-none elementor-position-top elementor-widget elementor-widget-image-box\" data-id=\"4cca0e2\" data-element_type=\"widget\" data-e-type=\"widget\" data-settings=\"{&quot;ekit_we_effect_on&quot;:&quot;none&quot;}\" data-widget_type=\"image-box.default\">\n\t\t\t\t<div class=\"elementor-widget-container\">\n\t\t\t\t\t<div class=\"elementor-image-box-wrapper\"><figure class=\"elementor-image-box-img\"><img decoding=\"async\" width=\"1689\" height=\"1690\" src=\"https:\/\/bodved.com\/wp-content\/uploads\/2024\/03\/frfr.jpg\" class=\"attachment-full size-full wp-image-1441\" alt=\"\" srcset=\"https:\/\/bodved.com\/wp-content\/uploads\/2024\/03\/frfr.jpg 1689w, https:\/\/bodved.com\/wp-content\/uploads\/2024\/03\/frfr-300x300.jpg 300w, https:\/\/bodved.com\/wp-content\/uploads\/2024\/03\/frfr-1024x1024.jpg 1024w, https:\/\/bodved.com\/wp-content\/uploads\/2024\/03\/frfr-150x150.jpg 150w, https:\/\/bodved.com\/wp-content\/uploads\/2024\/03\/frfr-768x768.jpg 768w, https:\/\/bodved.com\/wp-content\/uploads\/2024\/03\/frfr-1536x1536.jpg 1536w, https:\/\/bodved.com\/wp-content\/uploads\/2024\/03\/frfr-100x100.jpg 100w, https:\/\/bodved.com\/wp-content\/uploads\/2024\/03\/frfr-140x140.jpg 140w, https:\/\/bodved.com\/wp-content\/uploads\/2024\/03\/frfr-500x500.jpg 500w, https:\/\/bodved.com\/wp-content\/uploads\/2024\/03\/frfr-350x350.jpg 350w, https:\/\/bodved.com\/wp-content\/uploads\/2024\/03\/frfr-1000x1000.jpg 1000w, https:\/\/bodved.com\/wp-content\/uploads\/2024\/03\/frfr-800x800.jpg 800w\" sizes=\"(max-width: 1689px) 100vw, 1689px\" \/><\/figure><div class=\"elementor-image-box-content\"><h3 class=\"elementor-image-box-title\">T\u00d6RE BALTA<\/h3><p class=\"elementor-image-box-description\">GENEL SEKRETER<\/p><\/div><\/div>\t\t\t\t<\/div>\n\t\t\t\t<\/div>\n\t\t\t\t\t<\/div>\n\t\t<\/div>\n\t\t\t\t<div class=\"elementor-column elementor-col-20 elementor-top-column elementor-element elementor-element-064f385\" data-id=\"064f385\" data-element_type=\"column\" data-e-type=\"column\">\n\t\t\t<div class=\"elementor-widget-wrap elementor-element-populated\">\n\t\t\t\t\t\t<div class=\"elementor-element elementor-element-350ba4d dce_masking-none elementor-position-top elementor-widget elementor-widget-image-box\" data-id=\"350ba4d\" data-element_type=\"widget\" data-e-type=\"widget\" data-settings=\"{&quot;ekit_we_effect_on&quot;:&quot;none&quot;}\" data-widget_type=\"image-box.default\">\n\t\t\t\t<div class=\"elementor-widget-container\">\n\t\t\t\t\t<div class=\"elementor-image-box-wrapper\"><figure class=\"elementor-image-box-img\"><img loading=\"lazy\" decoding=\"async\" width=\"1689\" height=\"1690\" src=\"https:\/\/bodved.com\/wp-content\/uploads\/2024\/03\/bb.jpg\" class=\"attachment-full size-full wp-image-1432\" alt=\"\" srcset=\"https:\/\/bodved.com\/wp-content\/uploads\/2024\/03\/bb.jpg 1689w, https:\/\/bodved.com\/wp-content\/uploads\/2024\/03\/bb-300x300.jpg 300w, https:\/\/bodved.com\/wp-content\/uploads\/2024\/03\/bb-1024x1024.jpg 1024w, https:\/\/bodved.com\/wp-content\/uploads\/2024\/03\/bb-150x150.jpg 150w, https:\/\/bodved.com\/wp-content\/uploads\/2024\/03\/bb-768x768.jpg 768w, https:\/\/bodved.com\/wp-content\/uploads\/2024\/03\/bb-1536x1536.jpg 1536w, https:\/\/bodved.com\/wp-content\/uploads\/2024\/03\/bb-100x100.jpg 100w, https:\/\/bodved.com\/wp-content\/uploads\/2024\/03\/bb-140x140.jpg 140w, https:\/\/bodved.com\/wp-content\/uploads\/2024\/03\/bb-500x500.jpg 500w, https:\/\/bodved.com\/wp-content\/uploads\/2024\/03\/bb-350x350.jpg 350w, https:\/\/bodved.com\/wp-content\/uploads\/2024\/03\/bb-1000x1000.jpg 1000w, https:\/\/bodved.com\/wp-content\/uploads\/2024\/03\/bb-800x800.jpg 800w\" sizes=\"(max-width: 1689px) 100vw, 1689px\" \/><\/figure><div class=\"elementor-image-box-content\"><h3 class=\"elementor-image-box-title\">\u00dcM\u0130T YEKREK<\/h3><p class=\"elementor-image-box-description\">SAYMAN<\/p><\/div><\/div>\t\t\t\t<\/div>\n\t\t\t\t<\/div>\n\t\t\t\t\t<\/div>\n\t\t<\/div>\n\t\t\t\t<div class=\"elementor-column elementor-col-20 elementor-top-column elementor-element elementor-element-9d77b5e\" data-id=\"9d77b5e\" data-element_type=\"column\" data-e-type=\"column\">\n\t\t\t<div class=\"elementor-widget-wrap elementor-element-populated\">\n\t\t\t\t\t\t<div class=\"elementor-element elementor-element-2c26327 dce_masking-none elementor-position-top elementor-widget elementor-widget-image-box\" data-id=\"2c26327\" data-element_type=\"widget\" data-e-type=\"widget\" data-settings=\"{&quot;ekit_we_effect_on&quot;:&quot;none&quot;}\" data-widget_type=\"image-box.default\">\n\t\t\t\t<div class=\"elementor-widget-container\">\n\t\t\t\t\t<div class=\"elementor-image-box-wrapper\"><figure class=\"elementor-image-box-img\"><img loading=\"lazy\" decoding=\"async\" width=\"1080\" height=\"1080\" src=\"https:\/\/bodved.com\/wp-content\/uploads\/2024\/11\/r1.jpg\" class=\"attachment-full size-full wp-image-1748\" alt=\"\" srcset=\"https:\/\/bodved.com\/wp-content\/uploads\/2024\/11\/r1.jpg 1080w, https:\/\/bodved.com\/wp-content\/uploads\/2024\/11\/r1-300x300.jpg 300w, https:\/\/bodved.com\/wp-content\/uploads\/2024\/11\/r1-1024x1024.jpg 1024w, https:\/\/bodved.com\/wp-content\/uploads\/2024\/11\/r1-150x150.jpg 150w, https:\/\/bodved.com\/wp-content\/uploads\/2024\/11\/r1-768x768.jpg 768w, https:\/\/bodved.com\/wp-content\/uploads\/2024\/11\/r1-100x100.jpg 100w, https:\/\/bodved.com\/wp-content\/uploads\/2024\/11\/r1-140x140.jpg 140w, https:\/\/bodved.com\/wp-content\/uploads\/2024\/11\/r1-500x500.jpg 500w, https:\/\/bodved.com\/wp-content\/uploads\/2024\/11\/r1-350x350.jpg 350w, https:\/\/bodved.com\/wp-content\/uploads\/2024\/11\/r1-1000x1000.jpg 1000w, https:\/\/bodved.com\/wp-content\/uploads\/2024\/11\/r1-800x800.jpg 800w\" sizes=\"(max-width: 1080px) 100vw, 1080px\" \/><\/figure><div class=\"elementor-image-box-content\"><h3 class=\"elementor-image-box-title\">Furkan Mete Y\u0130\u011e\u0130T<\/h3><p class=\"elementor-image-box-description\">\u00dcYE-GENEL KAPTAN<\/p><\/div><\/div>\t\t\t\t<\/div>\n\t\t\t\t<\/div>\n\t\t\t\t\t<\/div>\n\t\t<\/div>\n\t\t\t\t\t<\/div>\n\t\t<\/section>\n\t\t\t\t<\/div>\n\t\t","protected":false},"excerpt":{"rendered":"<p>Y\u00f6netim Kurulu O\u011eUZ DEVEL\u0130 BA\u015eKAN GAMZE BA\u011eCI BA\u015eKAN YARDIMCISI T\u00d6RE BALTA GENEL SEKRETER \u00dcM\u0130T YEKREK SAYMAN Furkan Mete Y\u0130\u011e\u0130T \u00dcYE-GENEL KAPTAN<\/p>\n","protected":false},"author":2,"featured_media":0,"parent":0,"menu_order":0,"comment_status":"closed","ping_status":"closed","template":"elementor_header_footer","meta":{"_acf_changed":false,"footnotes":""},"class_list":["post-749","page","type-page","status-publish"],"acf":[],"_links":{"self":[{"href":"https:\/\/bodved.com\/index.php?rest_route=\/wp\/v2\/pages\/749","targetHints":{"allow":["GET"]}}],"collection":[{"href":"https:\/\/bodved.com\/index.php?rest_route=\/wp\/v2\/pages"}],"about":[{"href":"https:\/\/bodved.com\/index.php?rest_route=\/wp\/v2\/types\/page"}],"author":[{"embeddable":true,"href":"https:\/\/bodved.com\/index.php?rest_route=\/wp\/v2\/users\/2"}],"replies":[{"embeddable":true,"href":"https:\/\/bodved.com\/index.php?rest_route=%2Fwp%2Fv2%2Fcomments&post=749"}],"version-history":[{"count":25,"href":"https:\/\/bodved.com\/index.php?rest_route=\/wp\/v2\/pages\/749\/revisions"}],"predecessor-version":[{"id":1754,"href":"https:\/\/bodved.com\/index.php?rest_route=\/wp\/v2\/pages\/749\/revisions\/1754"}],"wp:attachment":[{"href":"https:\/\/bodved.com\/index.php?rest_route=%2Fwp%2Fv2%2Fmedia&parent=749"}],"curies":[{"name":"wp","href":"https:\/\/api.w.org\/{rel}","templated":true}]}}