{"id":1397,"date":"2024-03-27T11:58:32","date_gmt":"2024-03-27T11:58:32","guid":{"rendered":"https:\/\/bodved.com\/?page_id=1397"},"modified":"2024-04-03T16:40:16","modified_gmt":"2024-04-03T16:40:16","slug":"turnuva-ve-etkinlikler","status":"publish","type":"page","link":"https:\/\/bodved.com\/?page_id=1397","title":{"rendered":"Turnuva ve Etkinlikler"},"content":{"rendered":"\t\t<div data-elementor-type=\"wp-page\" data-elementor-id=\"1397\" class=\"elementor elementor-1397\" data-elementor-post-type=\"page\">\n\t\t\t\t\t\t<section class=\"elementor-section elementor-top-section elementor-element elementor-element-f998f9e elementor-section-height-min-height elementor-section-boxed elementor-section-height-default elementor-section-items-middle\" data-id=\"f998f9e\" data-element_type=\"section\" data-e-type=\"section\" data-settings=\"{&quot;ekit_has_onepagescroll_dot&quot;:&quot;yes&quot;}\">\n\t\t\t\t\t\t<div class=\"elementor-container elementor-column-gap-default\">\n\t\t\t\t\t<div class=\"elementor-column elementor-col-100 elementor-top-column elementor-element elementor-element-12b763d\" data-id=\"12b763d\" data-element_type=\"column\" data-e-type=\"column\">\n\t\t\t<div class=\"elementor-widget-wrap elementor-element-populated\">\n\t\t\t\t\t\t<div class=\"elementor-element elementor-element-a1da8be elementor-grid-3 elementor-grid-tablet-2 elementor-grid-mobile-1 elementor-widget elementor-widget-pp-posts\" data-id=\"a1da8be\" data-element_type=\"widget\" data-e-type=\"widget\" data-settings=\"{&quot;ekit_we_effect_on&quot;:&quot;none&quot;}\" data-widget_type=\"pp-posts.card\">\n\t\t\t\t<div class=\"elementor-widget-container\">\n\t\t\t\t\t\t\t<div class=\"pp-posts-container\">\n\t\t\t\n\t\t\t\t\t\t\t\t\t\t\n\t\t\t<div class=\"pp-posts pp-posts-skin-card elementor-grid pp-posts-grid\" data-query-type=\"custom\" data-layout=\"grid\" data-page=\"1397\" data-skin=\"card\">\n\t\t\t\t\t\t\t\t\t\t\t<div class=\"pp-post-wrap pp-grid-item-wrap elementor-grid-item post-1570 turnuva type-turnuva status-publish has-post-thumbnail\">\n\t\t\t\t\t\t<div class=\"pp-post pp-grid-item\">\n\t\t\t\t\t\t<div class=\"pp-post-thumbnail\">\n\t\t\t<a class=\"pp-post-thumbnail-wrap\" href=\"https:\/\/bodved.com\/?turnuva=2024-super-lig-takvimi-ve-icerigi-belirlendi\" title=\"BODVED 2024 S\u00dcPER L\u0130G TAKV\u0130M\u0130 VE \u0130\u00c7ER\u0130\u011e\u0130 BEL\u0130RLEND\u0130..\">\n\t\t\t\t<img fetchpriority=\"high\" decoding=\"async\" width=\"576\" height=\"1024\" src=\"https:\/\/bodved.com\/wp-content\/uploads\/2024\/04\/WhatsApp-Image-2024-04-13-at-17.15.14-576x1024.jpeg\" class=\"attachment-large size-large wp-image-1582\" alt=\"\" srcset=\"https:\/\/bodved.com\/wp-content\/uploads\/2024\/04\/WhatsApp-Image-2024-04-13-at-17.15.14-576x1024.jpeg 576w, https:\/\/bodved.com\/wp-content\/uploads\/2024\/04\/WhatsApp-Image-2024-04-13-at-17.15.14-169x300.jpeg 169w, https:\/\/bodved.com\/wp-content\/uploads\/2024\/04\/WhatsApp-Image-2024-04-13-at-17.15.14-768x1365.jpeg 768w, https:\/\/bodved.com\/wp-content\/uploads\/2024\/04\/WhatsApp-Image-2024-04-13-at-17.15.14-864x1536.jpeg 864w, https:\/\/bodved.com\/wp-content\/uploads\/2024\/04\/WhatsApp-Image-2024-04-13-at-17.15.14.jpeg 900w\" sizes=\"(max-width: 576px) 100vw, 576px\" \/>\t\t\t<\/a>\n\t\t<\/div>\n\t\t\n\t\t\t\t<div class=\"pp-post-content-wrap\">\n\t\t\t\t\t<div class=\"pp-post-content\">\n\t\t\t\t\t\t\t\t\t\t\t\t<h2 class=\"pp-post-title\">\n\t\t\t\t<a href=\"https:\/\/bodved.com\/?turnuva=2024-super-lig-takvimi-ve-icerigi-belirlendi\">BODVED 2024 S\u00dcPER L\u0130G TAKV\u0130M\u0130 VE \u0130\u00c7ER\u0130\u011e\u0130 BEL\u0130RLEND\u0130..<\/a>\t\t\t<\/h2>\n\t\t\t\t\t\t\t<div class=\"pp-post-excerpt\">\n\t\t\tBodved 2024 S\u00fcper Lig tak\u0131mlar\u0131n\u0131n olu\u015fumu ve kurallar\u0131: Her tak\u0131m en az 3 en fazla 5 ki\u015fiden olu\u015fur. Oyuncular kad\u0131n veya erkek olabilirler. Oyuncular\u0131n BODVED WEB \u00fcyesi ve \"BODVED Rank...\t\t<\/div>\n\t\t\t\t\t\t\t\t\t<\/div>\n\t\t\t\t\t\t\t\t\t<a class=\"pp-posts-button elementor-button elementor-size-xs\" href=\"https:\/\/bodved.com\/?turnuva=2024-super-lig-takvimi-ve-icerigi-belirlendi\" title=\"BODVED 2024 S\u00dcPER L\u0130G TAKV\u0130M\u0130 VE \u0130\u00c7ER\u0130\u011e\u0130 BEL\u0130RLEND\u0130..\" aria-label=\"Read more about BODVED 2024 S\u00dcPER L\u0130G TAKV\u0130M\u0130 VE \u0130\u00c7ER\u0130\u011e\u0130 BEL\u0130RLEND\u0130..\">\n\t\t\t\t\t\t\t\t\t\t<span class=\"pp-button-text\">\n\t\t\t\t\tDevam\u0131n\u0131 oku\t\t\t\t<\/span>\n\t\t\t\t\t\t\t\t\t<span class=\"pp-button-icon elementor-button-icon elementor-align-icon-right\">\n\t\t\t\t\t\t\t<\/span>\n\t\t\t\t\t<\/a>\n\t\t\t\t\t\t\t\t<\/div>\n\n\t\t\t\t\t\t\t<\/div>\n\t\t\t\t\t<\/div>\n\t\t\t\t<div class=\"pp-post-wrap pp-grid-item-wrap elementor-grid-item post-1493 turnuva type-turnuva status-publish has-post-thumbnail\">\n\t\t\t\t\t\t<div class=\"pp-post pp-grid-item\">\n\t\t\t\t\t\t<div class=\"pp-post-thumbnail\">\n\t\t\t<a class=\"pp-post-thumbnail-wrap\" href=\"https:\/\/bodved.com\/?turnuva=6-nisan-dunya-masa-tenisi-gununde-bulusuyoruz\" title=\"6 N\u0130SAN D\u00dcNYA MASA TEN\u0130S\u0130 G\u00dcN\u00dcNDE BULU\u015eUYORUZ..\">\n\t\t\t\t<img decoding=\"async\" width=\"576\" height=\"1024\" src=\"https:\/\/bodved.com\/wp-content\/uploads\/2024\/04\/WhatsApp-Image-2024-04-04-at-11.16.52-576x1024.jpeg\" class=\"attachment-large size-large wp-image-1494\" alt=\"\" srcset=\"https:\/\/bodved.com\/wp-content\/uploads\/2024\/04\/WhatsApp-Image-2024-04-04-at-11.16.52-576x1024.jpeg 576w, https:\/\/bodved.com\/wp-content\/uploads\/2024\/04\/WhatsApp-Image-2024-04-04-at-11.16.52-169x300.jpeg 169w, https:\/\/bodved.com\/wp-content\/uploads\/2024\/04\/WhatsApp-Image-2024-04-04-at-11.16.52-768x1365.jpeg 768w, https:\/\/bodved.com\/wp-content\/uploads\/2024\/04\/WhatsApp-Image-2024-04-04-at-11.16.52-864x1536.jpeg 864w, https:\/\/bodved.com\/wp-content\/uploads\/2024\/04\/WhatsApp-Image-2024-04-04-at-11.16.52.jpeg 900w\" sizes=\"(max-width: 576px) 100vw, 576px\" \/>\t\t\t<\/a>\n\t\t<\/div>\n\t\t\n\t\t\t\t<div class=\"pp-post-content-wrap\">\n\t\t\t\t\t<div class=\"pp-post-content\">\n\t\t\t\t\t\t\t\t\t\t\t\t<h2 class=\"pp-post-title\">\n\t\t\t\t<a href=\"https:\/\/bodved.com\/?turnuva=6-nisan-dunya-masa-tenisi-gununde-bulusuyoruz\">6 N\u0130SAN D\u00dcNYA MASA TEN\u0130S\u0130 G\u00dcN\u00dcNDE BULU\u015eUYORUZ..<\/a>\t\t\t<\/h2>\n\t\t\t\t\t\t\t<div class=\"pp-post-excerpt\">\n\t\t\t06.04.2024 CumartesiTurnuva ba\u015flang\u0131\u00e7 saati 10:00\u2019d\u0131r.Kat\u0131l\u0131mc\u0131 say\u0131s\u0131nda s\u0131n\u0131rlama yoktur. Ma\u00e7lar hem tekler hem \u00e7iftler eleme usul\u00fc olacakt\u0131r. \u0130lk \u00fc\u00e7 dereceye giren sporculara madalya, www.masatenisi.com\u2019dan masa tenisi ekipman\u0131 ve Bob Burger\u2019den hediye...\t\t<\/div>\n\t\t\t\t\t\t\t\t\t<\/div>\n\t\t\t\t\t\t\t\t\t<a class=\"pp-posts-button elementor-button elementor-size-xs\" href=\"https:\/\/bodved.com\/?turnuva=6-nisan-dunya-masa-tenisi-gununde-bulusuyoruz\" title=\"6 N\u0130SAN D\u00dcNYA MASA TEN\u0130S\u0130 G\u00dcN\u00dcNDE BULU\u015eUYORUZ..\" aria-label=\"Read more about 6 N\u0130SAN D\u00dcNYA MASA TEN\u0130S\u0130 G\u00dcN\u00dcNDE BULU\u015eUYORUZ..\">\n\t\t\t\t\t\t\t\t\t\t<span class=\"pp-button-text\">\n\t\t\t\t\tDevam\u0131n\u0131 oku\t\t\t\t<\/span>\n\t\t\t\t\t\t\t\t\t<span class=\"pp-button-icon elementor-button-icon elementor-align-icon-right\">\n\t\t\t\t\t\t\t<\/span>\n\t\t\t\t\t<\/a>\n\t\t\t\t\t\t\t\t<\/div>\n\n\t\t\t\t\t\t\t<\/div>\n\t\t\t\t\t<\/div>\n\t\t\t\t<div class=\"pp-post-wrap pp-grid-item-wrap elementor-grid-item post-1475 turnuva type-turnuva status-publish has-post-thumbnail\">\n\t\t\t\t\t\t<div class=\"pp-post pp-grid-item\">\n\t\t\t\t\t\t<div class=\"pp-post-thumbnail\">\n\t\t\t<a class=\"pp-post-thumbnail-wrap\" href=\"https:\/\/bodved.com\/?turnuva=bodrum-1-uluslararasi-masa-tenisi-turnuvasi\" title=\"Bodrum 1.Uluslararas\u0131 Masa Tenisi Turnuvas\u0131\">\n\t\t\t\t<img decoding=\"async\" width=\"657\" height=\"821\" src=\"https:\/\/bodved.com\/wp-content\/uploads\/2024\/04\/BODVED-TURNUVA-FOTOGRAF-1-1.jpg\" class=\"attachment-large size-large wp-image-1478\" alt=\"\" srcset=\"https:\/\/bodved.com\/wp-content\/uploads\/2024\/04\/BODVED-TURNUVA-FOTOGRAF-1-1.jpg 657w, https:\/\/bodved.com\/wp-content\/uploads\/2024\/04\/BODVED-TURNUVA-FOTOGRAF-1-1-240x300.jpg 240w\" sizes=\"(max-width: 657px) 100vw, 657px\" \/>\t\t\t<\/a>\n\t\t<\/div>\n\t\t\n\t\t\t\t<div class=\"pp-post-content-wrap\">\n\t\t\t\t\t<div class=\"pp-post-content\">\n\t\t\t\t\t\t\t\t\t\t\t\t<h2 class=\"pp-post-title\">\n\t\t\t\t<a href=\"https:\/\/bodved.com\/?turnuva=bodrum-1-uluslararasi-masa-tenisi-turnuvasi\">Bodrum 1.Uluslararas\u0131 Masa Tenisi Turnuvas\u0131<\/a>\t\t\t<\/h2>\n\t\t\t\t\t\t\t<div class=\"pp-post-excerpt\">\n\t\t\tBODVED BODRUM 1. ULUSLARASI MASA TEN\u0130S\u0130 TURNUVASI, 140 SPORCU KATILIMI \u0130LE TAMAMLANMI\u015eTIR. B\u0130R SENE SONRA TEKRAR G\u00d6R\u00dc\u015eMEK D\u0130LE\u011e\u0130 \u0130LE.\t\t<\/div>\n\t\t\t\t\t\t\t\t\t<\/div>\n\t\t\t\t\t\t\t\t\t<a class=\"pp-posts-button elementor-button elementor-size-xs\" href=\"https:\/\/bodved.com\/?turnuva=bodrum-1-uluslararasi-masa-tenisi-turnuvasi\" title=\"Bodrum 1.Uluslararas\u0131 Masa Tenisi Turnuvas\u0131\" aria-label=\"Read more about Bodrum 1.Uluslararas\u0131 Masa Tenisi Turnuvas\u0131\">\n\t\t\t\t\t\t\t\t\t\t<span class=\"pp-button-text\">\n\t\t\t\t\tDevam\u0131n\u0131 oku\t\t\t\t<\/span>\n\t\t\t\t\t\t\t\t\t<span class=\"pp-button-icon elementor-button-icon elementor-align-icon-right\">\n\t\t\t\t\t\t\t<\/span>\n\t\t\t\t\t<\/a>\n\t\t\t\t\t\t\t\t<\/div>\n\n\t\t\t\t\t\t\t<\/div>\n\t\t\t\t\t<\/div>\n\t\t\t\t\t\t\t\t\t<\/div>\n\t\t\t\n\t\t\t\n\t\t\t\n\t\t\t\n\t\t\t\t\t\t\t\t\t\t\t<div class=\"pp-posts-pagination-wrap pp-posts-pagination-bottom\">\n\t\t\t\t\t\t\t\t\t<\/div>\n\t\t\t\t\t\t\t\t\t<\/div>\n\n\t\t\n\t\t\t\t\t\t<\/div>\n\t\t\t\t<\/div>\n\t\t\t\t\t<\/div>\n\t\t<\/div>\n\t\t\t\t\t<\/div>\n\t\t<\/section>\n\t\t\t\t<\/div>\n\t\t","protected":false},"excerpt":{"rendered":"<p>Bodrum 1.Uluslararas\u0131 Masa Tenisi Turnuvas\u0131 BODVED BODRUM 1. ULUSLARASI MASA TEN\u0130S\u0130 TURNUVASI, 140 SPORCU KATILIMI \u0130LE TAMAMLANMI\u015eTIR. B\u0130R SENE SONRA TEKRAR G\u00d6R\u00dc\u015eMEK D\u0130LE\u011e\u0130 \u0130LE. Devam\u0131n\u0131 oku<\/p>\n","protected":false},"author":2,"featured_media":0,"parent":0,"menu_order":0,"comment_status":"closed","ping_status":"closed","template":"elementor_header_footer","meta":{"_acf_changed":false,"footnotes":""},"class_list":["post-1397","page","type-page","status-publish"],"acf":[],"_links":{"self":[{"href":"https:\/\/bodved.com\/index.php?rest_route=\/wp\/v2\/pages\/1397","targetHints":{"allow":["GET"]}}],"collection":[{"href":"https:\/\/bodved.com\/index.php?rest_route=\/wp\/v2\/pages"}],"about":[{"href":"https:\/\/bodved.com\/index.php?rest_route=\/wp\/v2\/types\/page"}],"author":[{"embeddable":true,"href":"https:\/\/bodved.com\/index.php?rest_route=\/wp\/v2\/users\/2"}],"replies":[{"embeddable":true,"href":"https:\/\/bodved.com\/index.php?rest_route=%2Fwp%2Fv2%2Fcomments&post=1397"}],"version-history":[{"count":7,"href":"https:\/\/bodved.com\/index.php?rest_route=\/wp\/v2\/pages\/1397\/revisions"}],"predecessor-version":[{"id":1492,"href":"https:\/\/bodved.com\/index.php?rest_route=\/wp\/v2\/pages\/1397\/revisions\/1492"}],"wp:attachment":[{"href":"https:\/\/bodved.com\/index.php?rest_route=%2Fwp%2Fv2%2Fmedia&parent=1397"}],"curies":[{"name":"wp","href":"https:\/\/api.w.org\/{rel}","templated":true}]}}