{"id":109,"date":"2023-12-03T10:33:48","date_gmt":"2023-12-03T10:33:48","guid":{"rendered":"https:\/\/bodved.com\/?page_id=109"},"modified":"2024-03-28T13:47:02","modified_gmt":"2024-03-28T13:47:02","slug":"hakkimizda","status":"publish","type":"page","link":"https:\/\/bodved.com\/?page_id=109","title":{"rendered":"Tarih\u00e7e"},"content":{"rendered":"\t\t<div data-elementor-type=\"wp-page\" data-elementor-id=\"109\" class=\"elementor elementor-109\" data-elementor-post-type=\"page\">\n\t\t\t\t\t\t<section class=\"elementor-section elementor-top-section elementor-element elementor-element-f6795c0 elementor-section-boxed elementor-section-height-default elementor-section-height-default\" data-id=\"f6795c0\" data-element_type=\"section\" data-e-type=\"section\" data-settings=\"{&quot;ekit_has_onepagescroll_dot&quot;:&quot;yes&quot;}\">\n\t\t\t\t\t\t<div class=\"elementor-container elementor-column-gap-default\">\n\t\t\t\t\t<div class=\"elementor-column elementor-col-50 elementor-top-column elementor-element elementor-element-d75b3dd\" data-id=\"d75b3dd\" data-element_type=\"column\" data-e-type=\"column\" data-settings=\"{&quot;background_background&quot;:&quot;classic&quot;}\">\n\t\t\t<div class=\"elementor-widget-wrap elementor-element-populated\">\n\t\t\t\t\t\t<div class=\"elementor-element elementor-element-1f462f7 elementor-widget elementor-widget-heading\" data-id=\"1f462f7\" data-element_type=\"widget\" data-e-type=\"widget\" data-settings=\"{&quot;ekit_we_effect_on&quot;:&quot;none&quot;}\" data-widget_type=\"heading.default\">\n\t\t\t\t<div class=\"elementor-widget-container\">\n\t\t\t\t\t<h2 class=\"elementor-heading-title elementor-size-default\">Bodved Tarih\u00e7e<\/h2>\t\t\t\t<\/div>\n\t\t\t\t<\/div>\n\t\t\t\t<div class=\"elementor-element elementor-element-aa12896 elementor-widget elementor-widget-text-editor\" data-id=\"aa12896\" data-element_type=\"widget\" data-e-type=\"widget\" data-settings=\"{&quot;ekit_we_effect_on&quot;:&quot;none&quot;}\" data-widget_type=\"text-editor.default\">\n\t\t\t\t<div class=\"elementor-widget-container\">\n\t\t\t\t\t\t\t\t\tBODVED dernek olarak 2017 Y\u0131l\u0131nda kurulu\u015f a\u015famas\u0131n\u0131 tamamlamak ile birlikte; Bodrum&#8217;da izleri takip edilebilir masa tenisi olu\u015fumu ve geli\u015fim s\u00fcreci 2006 y\u0131l\u0131 itibari ile ba\u015flam\u0131\u015ft\u0131r. 2006 y\u0131l\u0131nda Yal\u0131kavak Beldesi&#8217; nde bir araya gelen oyuncular, Kad\u0131kalesi b\u00f6lgesinde lokal i\u015fletmelerde birka\u00e7 tak\u0131mla turnuva yapan masa tenisi sever oyuncular ile bir araya gelmi\u015ftir. Kay\u0131t alt\u0131na al\u0131nan ilk turnuvalara bu vesile ile ba\u015flam\u0131\u015ft\u0131r.\n<br><br>\n2006 y\u0131l\u0131 itibari ile Yal\u0131kavak Belediyesi ve daha sonra G\u00fcndo\u011fan Belediyesi mahiyetindeki spor kul\u00fcpleri alt\u0131nda, masa tenisi bran\u015f\u0131 olu\u015fturularak ilk masa tenisi lisanslar\u0131 \u00e7\u0131kar\u0131lm\u0131\u015ft\u0131r. Ayn\u0131 y\u0131llarda Mu\u011fla \u0130l merkezinde d\u00fczenlene il liglerine kat\u0131l\u0131m sa\u011flanm\u0131\u015ft\u0131r.\n<br><br>\n2010 y\u0131l\u0131 ve sonras\u0131nda kuruluncaya kadar Bodrum genelinde bir\u00e7ok masa tenisi tak\u0131m\u0131 kurulmu\u015f ve Kaptanlar Kurulu olu\u015fturularak masa tenisi camias\u0131 giderek daha b\u00fcy\u00fcm\u00fc\u015ft\u00fcr.\n<br><br>\n2017 y\u0131l\u0131nda gen\u00e7 sporcu yeti\u015ftirmek, kurumsal bir alt yap\u0131 olu\u015fturmak ve s\u00fcrd\u00fcr\u00fclebilir bir masa tenisi ortam\u0131 olu\u015fturmak i\u00e7in; Tahir \u00c7elikkesen, O\u011fuz Develi ve Nihat \u00dcmmeto\u011flu \u00f6nderli\u011finde BODVED (Bodrum Veteran Masa Tenis\u00e7ileri Spor Kul\u00fcb\u00fc Derne\u011fi) 12 Kurucu \u00fcyesi ile birlikte hayata ge\u00e7mi\u015ftir.\n<br><br>\n2017 y\u0131l\u0131 itibari ile Bodrum Masa Tenisi ligleri ile ilgili \u00f6zel bir yaz\u0131l\u0131m haz\u0131rlanarak t\u00fcm tak\u0131mlar\u0131n ve oyuncular\u0131n istatistik bilgileri kay\u0131t alt\u0131na al\u0131nm\u0131\u015ft\u0131r. Bu yaz\u0131l\u0131m ile uluslararas\u0131 standartlarda oyuncu rank puanlar\u0131 i\u015fletilmekte ve kay\u0131t alt\u0131nda tutulmaktad\u0131r. Liglerin ilk kurulu\u015fu ile birlikte \u015eener Demiral ve Necla Aslan&#8217;\u0131n b\u00fcy\u00fck ve \u00f6zverili katk\u0131lar\u0131 ile d\u00fczenli bir format olu\u015fturmas\u0131 sa\u011flanm\u0131\u015ft\u0131r.\n<br><br>\nBODVED 2020 y\u0131l\u0131nda T\u00fcrkiye Ulusal 2. Liginde bir tak\u0131m\u0131n faaliyet haklar\u0131n devir alm\u0131\u015f ve altyap\u0131s\u0131ndan yeti\u015ftirdi\u011fi sporcular\u0131n m\u00fccadele edece\u011fi ileri bir kulvar olu\u015fturma hedefi olu\u015fturmu\u015ftur.\t\t\t\t\t\t\t\t<\/div>\n\t\t\t\t<\/div>\n\t\t\t\t\t<\/div>\n\t\t<\/div>\n\t\t\t\t<div class=\"elementor-column elementor-col-50 elementor-top-column elementor-element elementor-element-8ca6b23\" data-id=\"8ca6b23\" data-element_type=\"column\" data-e-type=\"column\">\n\t\t\t<div class=\"elementor-widget-wrap elementor-element-populated\">\n\t\t\t\t\t\t<div class=\"elementor-element elementor-element-9b3817e dce_masking-none elementor-widget elementor-widget-image\" data-id=\"9b3817e\" data-element_type=\"widget\" data-e-type=\"widget\" data-settings=\"{&quot;ekit_we_effect_on&quot;:&quot;none&quot;}\" data-widget_type=\"image.default\">\n\t\t\t\t<div class=\"elementor-widget-container\">\n\t\t\t\t\t\t\t\t\t\t\t\t\t\t\t<img fetchpriority=\"high\" decoding=\"async\" width=\"895\" height=\"900\" src=\"https:\/\/bodved.com\/wp-content\/uploads\/2023\/12\/table-tennis-bert-hardy.jpg\" class=\"attachment-large size-large wp-image-732\" alt=\"\" srcset=\"https:\/\/bodved.com\/wp-content\/uploads\/2023\/12\/table-tennis-bert-hardy.jpg 895w, https:\/\/bodved.com\/wp-content\/uploads\/2023\/12\/table-tennis-bert-hardy-298x300.jpg 298w, https:\/\/bodved.com\/wp-content\/uploads\/2023\/12\/table-tennis-bert-hardy-150x150.jpg 150w, https:\/\/bodved.com\/wp-content\/uploads\/2023\/12\/table-tennis-bert-hardy-768x772.jpg 768w, https:\/\/bodved.com\/wp-content\/uploads\/2023\/12\/table-tennis-bert-hardy-100x100.jpg 100w, https:\/\/bodved.com\/wp-content\/uploads\/2023\/12\/table-tennis-bert-hardy-140x140.jpg 140w\" sizes=\"(max-width: 895px) 100vw, 895px\" \/>\t\t\t\t\t\t\t\t\t\t\t\t\t\t\t<\/div>\n\t\t\t\t<\/div>\n\t\t\t\t\t<\/div>\n\t\t<\/div>\n\t\t\t\t\t<\/div>\n\t\t<\/section>\n\t\t\t\t<section class=\"elementor-section elementor-top-section elementor-element elementor-element-fa5e163 elementor-section-boxed elementor-section-height-default elementor-section-height-default\" data-id=\"fa5e163\" data-element_type=\"section\" data-e-type=\"section\" data-settings=\"{&quot;ekit_has_onepagescroll_dot&quot;:&quot;yes&quot;}\">\n\t\t\t\t\t\t<div class=\"elementor-container elementor-column-gap-default\">\n\t\t\t\t\t<div class=\"elementor-column elementor-col-100 elementor-top-column elementor-element elementor-element-17832c2\" data-id=\"17832c2\" data-element_type=\"column\" data-e-type=\"column\" data-settings=\"{&quot;background_background&quot;:&quot;classic&quot;}\">\n\t\t\t<div class=\"elementor-widget-wrap elementor-element-populated\">\n\t\t\t\t\t\t<div class=\"elementor-element elementor-element-cecbf76 elementor-widget elementor-widget-text-editor\" data-id=\"cecbf76\" data-element_type=\"widget\" data-e-type=\"widget\" data-settings=\"{&quot;ekit_we_effect_on&quot;:&quot;none&quot;}\" data-widget_type=\"text-editor.default\">\n\t\t\t\t<div class=\"elementor-widget-container\">\n\t\t\t\t\t\t\t\t\t2023 y\u0131l\u0131nda ilgili y\u00f6netmeliklerde yap\u0131lan de\u011fi\u015fiklikler neticesinde Dernek Stat\u00fcs\u00fcnden Spor Kul\u00fcb\u00fc stat\u00fcs\u00fcne ge\u00e7i\u015f yapm\u0131\u015ft\u0131r.\n<br><br>\nBODVED; masa tenisini \u00e7ok seven, spora g\u00f6n\u00fcl vermi\u015f, k\u00fc\u00e7\u00fck gruplar\u0131n bir araya gelip; masa tenisini daha ileri seviyelere ta\u015f\u0131maya ve ya\u015fam\u0131n bir par\u00e7as\u0131 olarak spor yaparken sosyal ili\u015fkilerin g\u00fc\u00e7lenmesini hedefleyen b\u00fcy\u00fck bir ailenin ger\u00e7ekle\u015ftirdi\u011fi g\u00fc\u00e7l\u00fc bir olu\u015fumdur. BODVED Bodrum&#8217;a ait bir spor kul\u00fcb\u00fcd\u00fcr.\t\t\t\t\t\t\t\t<\/div>\n\t\t\t\t<\/div>\n\t\t\t\t\t<\/div>\n\t\t<\/div>\n\t\t\t\t\t<\/div>\n\t\t<\/section>\n\t\t\t\t<\/div>\n\t\t","protected":false},"excerpt":{"rendered":"<p>Bodved Tarih\u00e7e BODVED dernek olarak 2017 Y\u0131l\u0131nda kurulu\u015f a\u015famas\u0131n\u0131 tamamlamak ile birlikte; Bodrum&#8217;da izleri takip edilebilir masa tenisi olu\u015fumu ve geli\u015fim s\u00fcreci 2006 y\u0131l\u0131 itibari ile ba\u015flam\u0131\u015ft\u0131r. 2006 y\u0131l\u0131nda Yal\u0131kavak&#8230;<\/p>\n","protected":false},"author":2,"featured_media":0,"parent":0,"menu_order":0,"comment_status":"closed","ping_status":"closed","template":"elementor_header_footer","meta":{"_acf_changed":false,"footnotes":""},"class_list":["post-109","page","type-page","status-publish"],"acf":[],"_links":{"self":[{"href":"https:\/\/bodved.com\/index.php?rest_route=\/wp\/v2\/pages\/109","targetHints":{"allow":["GET"]}}],"collection":[{"href":"https:\/\/bodved.com\/index.php?rest_route=\/wp\/v2\/pages"}],"about":[{"href":"https:\/\/bodved.com\/index.php?rest_route=\/wp\/v2\/types\/page"}],"author":[{"embeddable":true,"href":"https:\/\/bodved.com\/index.php?rest_route=\/wp\/v2\/users\/2"}],"replies":[{"embeddable":true,"href":"https:\/\/bodved.com\/index.php?rest_route=%2Fwp%2Fv2%2Fcomments&post=109"}],"version-history":[{"count":27,"href":"https:\/\/bodved.com\/index.php?rest_route=\/wp\/v2\/pages\/109\/revisions"}],"predecessor-version":[{"id":1417,"href":"https:\/\/bodved.com\/index.php?rest_route=\/wp\/v2\/pages\/109\/revisions\/1417"}],"wp:attachment":[{"href":"https:\/\/bodved.com\/index.php?rest_route=%2Fwp%2Fv2%2Fmedia&parent=109"}],"curies":[{"name":"wp","href":"https:\/\/api.w.org\/{rel}","templated":true}]}}